{"id":10,"date":"2015-08-31T10:20:21","date_gmt":"2015-08-31T08:20:21","guid":{"rendered":"http:\/\/eurofit.it\/?page_id=10"},"modified":"2021-02-18T14:19:38","modified_gmt":"2021-02-18T13:19:38","slug":"tecnologia","status":"publish","type":"page","link":"https:\/\/www.eurofit.it\/it\/tecnologia\/","title":{"rendered":"Tecnologia"},"content":{"rendered":"<p>Una produzione organizzata per la massima efficienza \u00e8 la caratteristica chiave del lavoro di Eurofit: le tecnologie di prodotto e di processo ci permettono di ottenere livelli di produttivit\u00e0 estremamente elevati, con un profilo qualitativo sofisticato e soggetto a un severo controllo che soddisfa gli standard tecnici dei clienti pi\u00f9 esigenti.<\/p>\n<p>La sede produttiva \u00e8 in Italia, con un\u2019ulteriore garanzia di affidabilit\u00e0 costituita dal made in Italy, un tema che \u00e8 particolarmente importante visto che uno dei campi dove \u00e8 pi\u00f9 concreta l\u2019eccellenza di Eurofit \u00e8 quello dell\u2019industria alimentare, un fiore all\u2019occhiello del nostro Paese.<\/p>\n<p><!--contentpartdivider--><\/p>\n<p>Infatti, la ricerca svolta sulle leghe e sull\u2019utilizzo di basi metalliche senza piombo ha portato Eurofit in una posizione di leadership nella fornitura di raccordi, regolatori di flusso e valvole nel campo della produzione alimentare. Uno sforzo consistente, premiato dal ruolo di partner che l\u2019azienda ha assunto rispetto alla filiera sul territorio nazionale, fa s\u00ec che Eurofit sia oggi un punto di riferimento del mercato su questo specifico argomento.<\/p>\n<p>La produzione di grandi numeri \u00e8 impostata su criteri di ottimizzazione, ma \u00e8 dotata di una flessibilit\u00e0 che permette di gestire commesse specifiche con agilit\u00e0: l\u2019organizzazione interna \u00e8 tale da rendere possibile far fronte a incarichi che comportano specifiche molto particolari, cos\u00ec come di pianificare correttamente la produzione in rapporto alle esigenze di consegna del cliente.<\/p>","protected":false},"excerpt":{"rendered":"<p>Una produzione organizzata per la massima efficienza \u00e8 la caratteristica chiave del lavoro di Eurofit: le tecnologie di prodotto e [&hellip;]<\/p>\n","protected":false},"author":1,"featured_media":45,"parent":0,"menu_order":0,"comment_status":"closed","ping_status":"closed","template":"","meta":[],"acf":[],"_links":{"self":[{"href":"https:\/\/www.eurofit.it\/it\/wp-json\/wp\/v2\/pages\/10"}],"collection":[{"href":"https:\/\/www.eurofit.it\/it\/wp-json\/wp\/v2\/pages"}],"about":[{"href":"https:\/\/www.eurofit.it\/it\/wp-json\/wp\/v2\/types\/page"}],"author":[{"embeddable":true,"href":"https:\/\/www.eurofit.it\/it\/wp-json\/wp\/v2\/users\/1"}],"replies":[{"embeddable":true,"href":"https:\/\/www.eurofit.it\/it\/wp-json\/wp\/v2\/comments?post=10"}],"version-history":[{"count":7,"href":"https:\/\/www.eurofit.it\/it\/wp-json\/wp\/v2\/pages\/10\/revisions"}],"predecessor-version":[{"id":101,"href":"https:\/\/www.eurofit.it\/it\/wp-json\/wp\/v2\/pages\/10\/revisions\/101"}],"wp:featuredmedia":[{"embeddable":true,"href":"https:\/\/www.eurofit.it\/it\/wp-json\/wp\/v2\/media\/45"}],"wp:attachment":[{"href":"https:\/\/www.eurofit.it\/it\/wp-json\/wp\/v2\/media?parent=10"}],"curies":[{"name":"wp","href":"https:\/\/api.w.org\/{rel}","templated":true}]}}